{"id":216736,"date":"2018-01-03T11:27:38","date_gmt":"2018-01-03T11:27:38","guid":{"rendered":"https:\/\/visitvatnajokull.is\/activities\/"},"modified":"2021-04-05T21:57:01","modified_gmt":"2021-04-05T21:57:01","slug":"afthreying","status":"publish","type":"page","link":"https:\/\/visitvatnajokull.is\/is\/afthreying\/","title":{"rendered":"Af\u00fereying"},"content":{"rendered":"","protected":false},"excerpt":{"rendered":"","protected":false},"author":1,"featured_media":0,"parent":0,"menu_order":56,"comment_status":"closed","ping_status":"closed","template":"page-tours.php","meta":{"_acf_changed":false,"footnotes":""},"class_list":["post-216736","page","type-page","status-publish","hentry"],"acf":[],"yoast_head":"<!-- This site is optimized with the Yoast SEO plugin v27.3 - https:\/\/yoast.com\/product\/yoast-seo-wordpress\/ -->\n<title>Af\u00fereying \u00e1 su\u00f0austurlandi<\/title>\n<meta name=\"description\" content=\"R\u00edki Vatnaj\u00f6kuls b\u00fd\u00f0ur upp \u00e1 \u00f3endanlega m\u00f6guleika \u00ed af\u00fereyingu \u00e1 su\u00f0austurlandi, skemmtilegar dagsfer\u00f0ir og fallegar g\u00f6ngulei\u00f0ir. H\u00e6gt er a\u00f0 fara \u00ed b\u00e1tsfer\u00f0ir \u00e1 j\u00f6kull\u00f3num, kajakfer\u00f0ir, fjallg\u00f6ngur, j\u00f6klag\u00f6ngur, \u00edsklifur, klettaklifur, snj\u00f3sle\u00f0afer\u00f0ir og jeppafer\u00f0ir.\" \/>\n<meta name=\"robots\" content=\"index, follow, max-snippet:-1, max-image-preview:large, max-video-preview:-1\" \/>\n<link rel=\"canonical\" href=\"https:\/\/visitvatnajokull.is\/is\/afthreying\/\" \/>\n<meta property=\"og:locale\" content=\"is_IS\" \/>\n<meta property=\"og:type\" content=\"article\" \/>\n<meta property=\"og:title\" content=\"Af\u00fereying \u00e1 su\u00f0austurlandi\" \/>\n<meta property=\"og:description\" content=\"R\u00edki Vatnaj\u00f6kuls b\u00fd\u00f0ur upp \u00e1 \u00f3endanlega m\u00f6guleika \u00ed af\u00fereyingu \u00e1 su\u00f0austurlandi, skemmtilegar dagsfer\u00f0ir og fallegar g\u00f6ngulei\u00f0ir. H\u00e6gt er a\u00f0 fara \u00ed b\u00e1tsfer\u00f0ir \u00e1 j\u00f6kull\u00f3num, kajakfer\u00f0ir, fjallg\u00f6ngur, j\u00f6klag\u00f6ngur, \u00edsklifur, klettaklifur, snj\u00f3sle\u00f0afer\u00f0ir og jeppafer\u00f0ir.\" \/>\n<meta property=\"og:url\" content=\"https:\/\/visitvatnajokull.is\/is\/afthreying\/\" \/>\n<meta property=\"og:site_name\" content=\"Visit Vatnaj\u00f6kull\" \/>\n<meta property=\"article:publisher\" content=\"https:\/\/www.facebook.com\/visitvatnajokull.is\/\" \/>\n<meta property=\"article:modified_time\" content=\"2021-04-05T21:57:01+00:00\" \/>\n<meta name=\"twitter:card\" content=\"summary_large_image\" \/>\n<meta name=\"twitter:site\" content=\"@vatnajokull_reg\" \/>\n<script type=\"application\/ld+json\" class=\"yoast-schema-graph\">{\"@context\":\"https:\\\/\\\/schema.org\",\"@graph\":[{\"@type\":\"WebPage\",\"@id\":\"https:\\\/\\\/visitvatnajokull.is\\\/is\\\/afthreying\\\/\",\"url\":\"https:\\\/\\\/visitvatnajokull.is\\\/is\\\/afthreying\\\/\",\"name\":\"Af\u00fereying \u00e1 su\u00f0austurlandi\",\"isPartOf\":{\"@id\":\"https:\\\/\\\/visitvatnajokull.is\\\/#website\"},\"datePublished\":\"2018-01-03T11:27:38+00:00\",\"dateModified\":\"2021-04-05T21:57:01+00:00\",\"description\":\"R\u00edki Vatnaj\u00f6kuls b\u00fd\u00f0ur upp \u00e1 \u00f3endanlega m\u00f6guleika \u00ed af\u00fereyingu \u00e1 su\u00f0austurlandi, skemmtilegar dagsfer\u00f0ir og fallegar g\u00f6ngulei\u00f0ir. H\u00e6gt er a\u00f0 fara \u00ed b\u00e1tsfer\u00f0ir \u00e1 j\u00f6kull\u00f3num, kajakfer\u00f0ir, fjallg\u00f6ngur, j\u00f6klag\u00f6ngur, \u00edsklifur, klettaklifur, snj\u00f3sle\u00f0afer\u00f0ir og jeppafer\u00f0ir.\",\"breadcrumb\":{\"@id\":\"https:\\\/\\\/visitvatnajokull.is\\\/is\\\/afthreying\\\/#breadcrumb\"},\"inLanguage\":\"is\",\"potentialAction\":[{\"@type\":\"ReadAction\",\"target\":[\"https:\\\/\\\/visitvatnajokull.is\\\/is\\\/afthreying\\\/\"]}]},{\"@type\":\"BreadcrumbList\",\"@id\":\"https:\\\/\\\/visitvatnajokull.is\\\/is\\\/afthreying\\\/#breadcrumb\",\"itemListElement\":[{\"@type\":\"ListItem\",\"position\":1,\"name\":\"Home\",\"item\":\"https:\\\/\\\/visitvatnajokull.is\\\/is\\\/\"},{\"@type\":\"ListItem\",\"position\":2,\"name\":\"Af\u00fereying\"}]},{\"@type\":\"WebSite\",\"@id\":\"https:\\\/\\\/visitvatnajokull.is\\\/#website\",\"url\":\"https:\\\/\\\/visitvatnajokull.is\\\/\",\"name\":\"Visit Vatnaj\u00f6kull\",\"description\":\"Visit Vatnaj\u00f6kull and explore all that the region has to offer\",\"potentialAction\":[{\"@type\":\"SearchAction\",\"target\":{\"@type\":\"EntryPoint\",\"urlTemplate\":\"https:\\\/\\\/visitvatnajokull.is\\\/?s={search_term_string}\"},\"query-input\":{\"@type\":\"PropertyValueSpecification\",\"valueRequired\":true,\"valueName\":\"search_term_string\"}}],\"inLanguage\":\"is\"}]}<\/script>\n<!-- \/ Yoast SEO plugin. -->","yoast_head_json":{"title":"Af\u00fereying \u00e1 su\u00f0austurlandi","description":"R\u00edki Vatnaj\u00f6kuls b\u00fd\u00f0ur upp \u00e1 \u00f3endanlega m\u00f6guleika \u00ed af\u00fereyingu \u00e1 su\u00f0austurlandi, skemmtilegar dagsfer\u00f0ir og fallegar g\u00f6ngulei\u00f0ir. H\u00e6gt er a\u00f0 fara \u00ed b\u00e1tsfer\u00f0ir \u00e1 j\u00f6kull\u00f3num, kajakfer\u00f0ir, fjallg\u00f6ngur, j\u00f6klag\u00f6ngur, \u00edsklifur, klettaklifur, snj\u00f3sle\u00f0afer\u00f0ir og jeppafer\u00f0ir.","robots":{"index":"index","follow":"follow","max-snippet":"max-snippet:-1","max-image-preview":"max-image-preview:large","max-video-preview":"max-video-preview:-1"},"canonical":"https:\/\/visitvatnajokull.is\/is\/afthreying\/","og_locale":"is_IS","og_type":"article","og_title":"Af\u00fereying \u00e1 su\u00f0austurlandi","og_description":"R\u00edki Vatnaj\u00f6kuls b\u00fd\u00f0ur upp \u00e1 \u00f3endanlega m\u00f6guleika \u00ed af\u00fereyingu \u00e1 su\u00f0austurlandi, skemmtilegar dagsfer\u00f0ir og fallegar g\u00f6ngulei\u00f0ir. H\u00e6gt er a\u00f0 fara \u00ed b\u00e1tsfer\u00f0ir \u00e1 j\u00f6kull\u00f3num, kajakfer\u00f0ir, fjallg\u00f6ngur, j\u00f6klag\u00f6ngur, \u00edsklifur, klettaklifur, snj\u00f3sle\u00f0afer\u00f0ir og jeppafer\u00f0ir.","og_url":"https:\/\/visitvatnajokull.is\/is\/afthreying\/","og_site_name":"Visit Vatnaj\u00f6kull","article_publisher":"https:\/\/www.facebook.com\/visitvatnajokull.is\/","article_modified_time":"2021-04-05T21:57:01+00:00","twitter_card":"summary_large_image","twitter_site":"@vatnajokull_reg","schema":{"@context":"https:\/\/schema.org","@graph":[{"@type":"WebPage","@id":"https:\/\/visitvatnajokull.is\/is\/afthreying\/","url":"https:\/\/visitvatnajokull.is\/is\/afthreying\/","name":"Af\u00fereying \u00e1 su\u00f0austurlandi","isPartOf":{"@id":"https:\/\/visitvatnajokull.is\/#website"},"datePublished":"2018-01-03T11:27:38+00:00","dateModified":"2021-04-05T21:57:01+00:00","description":"R\u00edki Vatnaj\u00f6kuls b\u00fd\u00f0ur upp \u00e1 \u00f3endanlega m\u00f6guleika \u00ed af\u00fereyingu \u00e1 su\u00f0austurlandi, skemmtilegar dagsfer\u00f0ir og fallegar g\u00f6ngulei\u00f0ir. H\u00e6gt er a\u00f0 fara \u00ed b\u00e1tsfer\u00f0ir \u00e1 j\u00f6kull\u00f3num, kajakfer\u00f0ir, fjallg\u00f6ngur, j\u00f6klag\u00f6ngur, \u00edsklifur, klettaklifur, snj\u00f3sle\u00f0afer\u00f0ir og jeppafer\u00f0ir.","breadcrumb":{"@id":"https:\/\/visitvatnajokull.is\/is\/afthreying\/#breadcrumb"},"inLanguage":"is","potentialAction":[{"@type":"ReadAction","target":["https:\/\/visitvatnajokull.is\/is\/afthreying\/"]}]},{"@type":"BreadcrumbList","@id":"https:\/\/visitvatnajokull.is\/is\/afthreying\/#breadcrumb","itemListElement":[{"@type":"ListItem","position":1,"name":"Home","item":"https:\/\/visitvatnajokull.is\/is\/"},{"@type":"ListItem","position":2,"name":"Af\u00fereying"}]},{"@type":"WebSite","@id":"https:\/\/visitvatnajokull.is\/#website","url":"https:\/\/visitvatnajokull.is\/","name":"Visit Vatnaj\u00f6kull","description":"Visit Vatnaj\u00f6kull and explore all that the region has to offer","potentialAction":[{"@type":"SearchAction","target":{"@type":"EntryPoint","urlTemplate":"https:\/\/visitvatnajokull.is\/?s={search_term_string}"},"query-input":{"@type":"PropertyValueSpecification","valueRequired":true,"valueName":"search_term_string"}}],"inLanguage":"is"}]}},"jetpack_sharing_enabled":true,"_links":{"self":[{"href":"https:\/\/visitvatnajokull.is\/is\/wp-json\/wp\/v2\/pages\/216736","targetHints":{"allow":["GET"]}}],"collection":[{"href":"https:\/\/visitvatnajokull.is\/is\/wp-json\/wp\/v2\/pages"}],"about":[{"href":"https:\/\/visitvatnajokull.is\/is\/wp-json\/wp\/v2\/types\/page"}],"author":[{"embeddable":true,"href":"https:\/\/visitvatnajokull.is\/is\/wp-json\/wp\/v2\/users\/1"}],"replies":[{"embeddable":true,"href":"https:\/\/visitvatnajokull.is\/is\/wp-json\/wp\/v2\/comments?post=216736"}],"version-history":[{"count":0,"href":"https:\/\/visitvatnajokull.is\/is\/wp-json\/wp\/v2\/pages\/216736\/revisions"}],"wp:attachment":[{"href":"https:\/\/visitvatnajokull.is\/is\/wp-json\/wp\/v2\/media?parent=216736"}],"curies":[{"name":"wp","href":"https:\/\/api.w.org\/{rel}","templated":true}]}}