{"id":216740,"date":"2018-01-03T11:28:14","date_gmt":"2018-01-03T11:28:14","guid":{"rendered":"https:\/\/visitvatnajokull.is\/dining\/"},"modified":"2020-08-07T15:00:55","modified_gmt":"2020-08-07T15:00:55","slug":"veitingar","status":"publish","type":"page","link":"https:\/\/visitvatnajokull.is\/is\/veitingar\/","title":{"rendered":"Veitingar"},"content":{"rendered":"","protected":false},"excerpt":{"rendered":"","protected":false},"author":1,"featured_media":14715,"parent":0,"menu_order":52,"comment_status":"closed","ping_status":"closed","template":"page-dinings.php","meta":{"_acf_changed":false,"footnotes":""},"class_list":["post-216740","page","type-page","status-publish","has-post-thumbnail","hentry"],"acf":[],"yoast_head":"<!-- This site is optimized with the Yoast SEO plugin v27.3 - https:\/\/yoast.com\/product\/yoast-seo-wordpress\/ -->\n<title>Restaurants and dining in south Iceland near Vatnajokull glacier lagoon<\/title>\n<meta name=\"description\" content=\"While traveling in the eastern part of South Iceland can enjoy a meal at a variety of restaurants in the Vatnajokull Region. Many of these restaurants offer local food made in the Vatnajokull Region and be sure to ask for the tasty Vatnaj\u00f6kull beer which is made out of icebergs from J\u00f6kuls\u00e1rl\u00f3n glacier lagoon.\" \/>\n<meta name=\"robots\" content=\"index, follow, max-snippet:-1, max-image-preview:large, max-video-preview:-1\" \/>\n<link rel=\"canonical\" href=\"https:\/\/visitvatnajokull.is\/is\/veitingar\/\" \/>\n<meta property=\"og:locale\" content=\"is_IS\" \/>\n<meta property=\"og:type\" content=\"article\" \/>\n<meta property=\"og:title\" content=\"Restaurants and dining in south Iceland near Vatnajokull glacier lagoon\" \/>\n<meta property=\"og:description\" content=\"While traveling in the eastern part of South Iceland can enjoy a meal at a variety of restaurants in the Vatnajokull Region. Many of these restaurants offer local food made in the Vatnajokull Region and be sure to ask for the tasty Vatnaj\u00f6kull beer which is made out of icebergs from J\u00f6kuls\u00e1rl\u00f3n glacier lagoon.\" \/>\n<meta property=\"og:url\" content=\"https:\/\/visitvatnajokull.is\/is\/veitingar\/\" \/>\n<meta property=\"og:site_name\" content=\"Visit Vatnaj\u00f6kull\" \/>\n<meta property=\"article:publisher\" content=\"https:\/\/www.facebook.com\/visitvatnajokull.is\/\" \/>\n<meta property=\"article:modified_time\" content=\"2020-08-07T15:00:55+00:00\" \/>\n<meta property=\"og:image\" content=\"https:\/\/visitvatnajokull.is\/wp-content\/uploads\/2018\/02\/72.-Vestra-Horn.jpg\" \/>\n\t<meta property=\"og:image:width\" content=\"2048\" \/>\n\t<meta property=\"og:image:height\" content=\"1365\" \/>\n\t<meta property=\"og:image:type\" content=\"image\/jpeg\" \/>\n<meta name=\"twitter:card\" content=\"summary_large_image\" \/>\n<meta name=\"twitter:site\" content=\"@vatnajokull_reg\" \/>\n<script type=\"application\/ld+json\" class=\"yoast-schema-graph\">{\"@context\":\"https:\\\/\\\/schema.org\",\"@graph\":[{\"@type\":\"WebPage\",\"@id\":\"https:\\\/\\\/visitvatnajokull.is\\\/is\\\/veitingar\\\/\",\"url\":\"https:\\\/\\\/visitvatnajokull.is\\\/is\\\/veitingar\\\/\",\"name\":\"Restaurants and dining in south Iceland near Vatnajokull glacier lagoon\",\"isPartOf\":{\"@id\":\"https:\\\/\\\/visitvatnajokull.is\\\/#website\"},\"primaryImageOfPage\":{\"@id\":\"https:\\\/\\\/visitvatnajokull.is\\\/is\\\/veitingar\\\/#primaryimage\"},\"image\":{\"@id\":\"https:\\\/\\\/visitvatnajokull.is\\\/is\\\/veitingar\\\/#primaryimage\"},\"thumbnailUrl\":\"https:\\\/\\\/visitvatnajokull.is\\\/wp-content\\\/uploads\\\/2018\\\/02\\\/72.-Vestra-Horn.jpg\",\"datePublished\":\"2018-01-03T11:28:14+00:00\",\"dateModified\":\"2020-08-07T15:00:55+00:00\",\"description\":\"While traveling in the eastern part of South Iceland can enjoy a meal at a variety of restaurants in the Vatnajokull Region. Many of these restaurants offer local food made in the Vatnajokull Region and be sure to ask for the tasty Vatnaj\u00f6kull beer which is made out of icebergs from J\u00f6kuls\u00e1rl\u00f3n glacier lagoon.\",\"breadcrumb\":{\"@id\":\"https:\\\/\\\/visitvatnajokull.is\\\/is\\\/veitingar\\\/#breadcrumb\"},\"inLanguage\":\"is\",\"potentialAction\":[{\"@type\":\"ReadAction\",\"target\":[\"https:\\\/\\\/visitvatnajokull.is\\\/is\\\/veitingar\\\/\"]}]},{\"@type\":\"ImageObject\",\"inLanguage\":\"is\",\"@id\":\"https:\\\/\\\/visitvatnajokull.is\\\/is\\\/veitingar\\\/#primaryimage\",\"url\":\"https:\\\/\\\/visitvatnajokull.is\\\/wp-content\\\/uploads\\\/2018\\\/02\\\/72.-Vestra-Horn.jpg\",\"contentUrl\":\"https:\\\/\\\/visitvatnajokull.is\\\/wp-content\\\/uploads\\\/2018\\\/02\\\/72.-Vestra-Horn.jpg\",\"width\":2048,\"height\":1365},{\"@type\":\"BreadcrumbList\",\"@id\":\"https:\\\/\\\/visitvatnajokull.is\\\/is\\\/veitingar\\\/#breadcrumb\",\"itemListElement\":[{\"@type\":\"ListItem\",\"position\":1,\"name\":\"Home\",\"item\":\"https:\\\/\\\/visitvatnajokull.is\\\/is\\\/\"},{\"@type\":\"ListItem\",\"position\":2,\"name\":\"Veitingar\"}]},{\"@type\":\"WebSite\",\"@id\":\"https:\\\/\\\/visitvatnajokull.is\\\/#website\",\"url\":\"https:\\\/\\\/visitvatnajokull.is\\\/\",\"name\":\"Visit Vatnaj\u00f6kull\",\"description\":\"Visit Vatnaj\u00f6kull and explore all that the region has to offer\",\"potentialAction\":[{\"@type\":\"SearchAction\",\"target\":{\"@type\":\"EntryPoint\",\"urlTemplate\":\"https:\\\/\\\/visitvatnajokull.is\\\/?s={search_term_string}\"},\"query-input\":{\"@type\":\"PropertyValueSpecification\",\"valueRequired\":true,\"valueName\":\"search_term_string\"}}],\"inLanguage\":\"is\"}]}<\/script>\n<!-- \/ Yoast SEO plugin. -->","yoast_head_json":{"title":"Restaurants and dining in south Iceland near Vatnajokull glacier lagoon","description":"While traveling in the eastern part of South Iceland can enjoy a meal at a variety of restaurants in the Vatnajokull Region. Many of these restaurants offer local food made in the Vatnajokull Region and be sure to ask for the tasty Vatnaj\u00f6kull beer which is made out of icebergs from J\u00f6kuls\u00e1rl\u00f3n glacier lagoon.","robots":{"index":"index","follow":"follow","max-snippet":"max-snippet:-1","max-image-preview":"max-image-preview:large","max-video-preview":"max-video-preview:-1"},"canonical":"https:\/\/visitvatnajokull.is\/is\/veitingar\/","og_locale":"is_IS","og_type":"article","og_title":"Restaurants and dining in south Iceland near Vatnajokull glacier lagoon","og_description":"While traveling in the eastern part of South Iceland can enjoy a meal at a variety of restaurants in the Vatnajokull Region. Many of these restaurants offer local food made in the Vatnajokull Region and be sure to ask for the tasty Vatnaj\u00f6kull beer which is made out of icebergs from J\u00f6kuls\u00e1rl\u00f3n glacier lagoon.","og_url":"https:\/\/visitvatnajokull.is\/is\/veitingar\/","og_site_name":"Visit Vatnaj\u00f6kull","article_publisher":"https:\/\/www.facebook.com\/visitvatnajokull.is\/","article_modified_time":"2020-08-07T15:00:55+00:00","og_image":[{"width":2048,"height":1365,"url":"https:\/\/visitvatnajokull.is\/wp-content\/uploads\/2018\/02\/72.-Vestra-Horn.jpg","type":"image\/jpeg"}],"twitter_card":"summary_large_image","twitter_site":"@vatnajokull_reg","schema":{"@context":"https:\/\/schema.org","@graph":[{"@type":"WebPage","@id":"https:\/\/visitvatnajokull.is\/is\/veitingar\/","url":"https:\/\/visitvatnajokull.is\/is\/veitingar\/","name":"Restaurants and dining in south Iceland near Vatnajokull glacier lagoon","isPartOf":{"@id":"https:\/\/visitvatnajokull.is\/#website"},"primaryImageOfPage":{"@id":"https:\/\/visitvatnajokull.is\/is\/veitingar\/#primaryimage"},"image":{"@id":"https:\/\/visitvatnajokull.is\/is\/veitingar\/#primaryimage"},"thumbnailUrl":"https:\/\/visitvatnajokull.is\/wp-content\/uploads\/2018\/02\/72.-Vestra-Horn.jpg","datePublished":"2018-01-03T11:28:14+00:00","dateModified":"2020-08-07T15:00:55+00:00","description":"While traveling in the eastern part of South Iceland can enjoy a meal at a variety of restaurants in the Vatnajokull Region. Many of these restaurants offer local food made in the Vatnajokull Region and be sure to ask for the tasty Vatnaj\u00f6kull beer which is made out of icebergs from J\u00f6kuls\u00e1rl\u00f3n glacier lagoon.","breadcrumb":{"@id":"https:\/\/visitvatnajokull.is\/is\/veitingar\/#breadcrumb"},"inLanguage":"is","potentialAction":[{"@type":"ReadAction","target":["https:\/\/visitvatnajokull.is\/is\/veitingar\/"]}]},{"@type":"ImageObject","inLanguage":"is","@id":"https:\/\/visitvatnajokull.is\/is\/veitingar\/#primaryimage","url":"https:\/\/visitvatnajokull.is\/wp-content\/uploads\/2018\/02\/72.-Vestra-Horn.jpg","contentUrl":"https:\/\/visitvatnajokull.is\/wp-content\/uploads\/2018\/02\/72.-Vestra-Horn.jpg","width":2048,"height":1365},{"@type":"BreadcrumbList","@id":"https:\/\/visitvatnajokull.is\/is\/veitingar\/#breadcrumb","itemListElement":[{"@type":"ListItem","position":1,"name":"Home","item":"https:\/\/visitvatnajokull.is\/is\/"},{"@type":"ListItem","position":2,"name":"Veitingar"}]},{"@type":"WebSite","@id":"https:\/\/visitvatnajokull.is\/#website","url":"https:\/\/visitvatnajokull.is\/","name":"Visit Vatnaj\u00f6kull","description":"Visit Vatnaj\u00f6kull and explore all that the region has to offer","potentialAction":[{"@type":"SearchAction","target":{"@type":"EntryPoint","urlTemplate":"https:\/\/visitvatnajokull.is\/?s={search_term_string}"},"query-input":{"@type":"PropertyValueSpecification","valueRequired":true,"valueName":"search_term_string"}}],"inLanguage":"is"}]}},"jetpack_sharing_enabled":true,"_links":{"self":[{"href":"https:\/\/visitvatnajokull.is\/is\/wp-json\/wp\/v2\/pages\/216740","targetHints":{"allow":["GET"]}}],"collection":[{"href":"https:\/\/visitvatnajokull.is\/is\/wp-json\/wp\/v2\/pages"}],"about":[{"href":"https:\/\/visitvatnajokull.is\/is\/wp-json\/wp\/v2\/types\/page"}],"author":[{"embeddable":true,"href":"https:\/\/visitvatnajokull.is\/is\/wp-json\/wp\/v2\/users\/1"}],"replies":[{"embeddable":true,"href":"https:\/\/visitvatnajokull.is\/is\/wp-json\/wp\/v2\/comments?post=216740"}],"version-history":[{"count":0,"href":"https:\/\/visitvatnajokull.is\/is\/wp-json\/wp\/v2\/pages\/216740\/revisions"}],"wp:featuredmedia":[{"embeddable":true,"href":"https:\/\/visitvatnajokull.is\/is\/wp-json\/wp\/v2\/media\/14715"}],"wp:attachment":[{"href":"https:\/\/visitvatnajokull.is\/is\/wp-json\/wp\/v2\/media?parent=216740"}],"curies":[{"name":"wp","href":"https:\/\/api.w.org\/{rel}","templated":true}]}}