{"id":216745,"date":"2017-12-13T19:12:05","date_gmt":"2017-12-13T19:12:05","guid":{"rendered":"https:\/\/visitvatnajokull.is\/practical-information\/"},"modified":"2020-08-07T14:53:49","modified_gmt":"2020-08-07T14:53:49","slug":"upplysingar","status":"publish","type":"page","link":"https:\/\/visitvatnajokull.is\/is\/upplysingar\/","title":{"rendered":"Uppl\u00fdsingar"},"content":{"rendered":"","protected":false},"excerpt":{"rendered":"","protected":false},"author":1,"featured_media":14027,"parent":0,"menu_order":64,"comment_status":"closed","ping_status":"closed","template":"page-practical.php","meta":{"_acf_changed":false,"footnotes":""},"class_list":["post-216745","page","type-page","status-publish","has-post-thumbnail","hentry"],"acf":[],"yoast_head":"<!-- This site is optimized with the Yoast SEO plugin v27.3 - https:\/\/yoast.com\/product\/yoast-seo-wordpress\/ -->\n<title>Practical Information about the Vatnajokull region - South Iceland<\/title>\n<meta name=\"description\" content=\"Need any information about the Vatnajokull region? Find some practical information about south Iceland and our area here bellow. If the answer is not there than check out our FAQ page and send us in a question that you need answered.\" \/>\n<meta name=\"robots\" content=\"index, follow, max-snippet:-1, max-image-preview:large, max-video-preview:-1\" \/>\n<link rel=\"canonical\" href=\"https:\/\/visitvatnajokull.is\/is\/upplysingar\/\" \/>\n<meta property=\"og:locale\" content=\"is_IS\" \/>\n<meta property=\"og:type\" content=\"article\" \/>\n<meta property=\"og:title\" content=\"Practical Information about the Vatnajokull region - South Iceland\" \/>\n<meta property=\"og:description\" content=\"Need any information about the Vatnajokull region? Find some practical information about south Iceland and our area here bellow. If the answer is not there than check out our FAQ page and send us in a question that you need answered.\" \/>\n<meta property=\"og:url\" content=\"https:\/\/visitvatnajokull.is\/is\/upplysingar\/\" \/>\n<meta property=\"og:site_name\" content=\"Visit Vatnaj\u00f6kull\" \/>\n<meta property=\"article:publisher\" content=\"https:\/\/www.facebook.com\/visitvatnajokull.is\/\" \/>\n<meta property=\"article:modified_time\" content=\"2020-08-07T14:53:49+00:00\" \/>\n<meta name=\"twitter:card\" content=\"summary_large_image\" \/>\n<meta name=\"twitter:site\" content=\"@vatnajokull_reg\" \/>\n<script type=\"application\/ld+json\" class=\"yoast-schema-graph\">{\"@context\":\"https:\\\/\\\/schema.org\",\"@graph\":[{\"@type\":\"WebPage\",\"@id\":\"https:\\\/\\\/visitvatnajokull.is\\\/is\\\/upplysingar\\\/\",\"url\":\"https:\\\/\\\/visitvatnajokull.is\\\/is\\\/upplysingar\\\/\",\"name\":\"Practical Information about the Vatnajokull region - South Iceland\",\"isPartOf\":{\"@id\":\"https:\\\/\\\/visitvatnajokull.is\\\/#website\"},\"primaryImageOfPage\":{\"@id\":\"https:\\\/\\\/visitvatnajokull.is\\\/is\\\/upplysingar\\\/#primaryimage\"},\"image\":{\"@id\":\"https:\\\/\\\/visitvatnajokull.is\\\/is\\\/upplysingar\\\/#primaryimage\"},\"thumbnailUrl\":\"https:\\\/\\\/visitvatnajokull.is\\\/wp-content\\\/uploads\\\/2018\\\/01\\\/21.7.b.\u00d6r\u00e6fafer\u00f0ir_True-Blue.bmp\",\"datePublished\":\"2017-12-13T19:12:05+00:00\",\"dateModified\":\"2020-08-07T14:53:49+00:00\",\"description\":\"Need any information about the Vatnajokull region? Find some practical information about south Iceland and our area here bellow. If the answer is not there than check out our FAQ page and send us in a question that you need answered.\",\"breadcrumb\":{\"@id\":\"https:\\\/\\\/visitvatnajokull.is\\\/is\\\/upplysingar\\\/#breadcrumb\"},\"inLanguage\":\"is\",\"potentialAction\":[{\"@type\":\"ReadAction\",\"target\":[\"https:\\\/\\\/visitvatnajokull.is\\\/is\\\/upplysingar\\\/\"]}]},{\"@type\":\"ImageObject\",\"inLanguage\":\"is\",\"@id\":\"https:\\\/\\\/visitvatnajokull.is\\\/is\\\/upplysingar\\\/#primaryimage\",\"url\":\"https:\\\/\\\/visitvatnajokull.is\\\/wp-content\\\/uploads\\\/2018\\\/01\\\/21.7.b.\u00d6r\u00e6fafer\u00f0ir_True-Blue.bmp\",\"contentUrl\":\"https:\\\/\\\/visitvatnajokull.is\\\/wp-content\\\/uploads\\\/2018\\\/01\\\/21.7.b.\u00d6r\u00e6fafer\u00f0ir_True-Blue.bmp\",\"width\":1797,\"height\":1178},{\"@type\":\"BreadcrumbList\",\"@id\":\"https:\\\/\\\/visitvatnajokull.is\\\/is\\\/upplysingar\\\/#breadcrumb\",\"itemListElement\":[{\"@type\":\"ListItem\",\"position\":1,\"name\":\"Home\",\"item\":\"https:\\\/\\\/visitvatnajokull.is\\\/is\\\/\"},{\"@type\":\"ListItem\",\"position\":2,\"name\":\"Uppl\u00fdsingar\"}]},{\"@type\":\"WebSite\",\"@id\":\"https:\\\/\\\/visitvatnajokull.is\\\/#website\",\"url\":\"https:\\\/\\\/visitvatnajokull.is\\\/\",\"name\":\"Visit Vatnaj\u00f6kull\",\"description\":\"Visit Vatnaj\u00f6kull and explore all that the region has to offer\",\"potentialAction\":[{\"@type\":\"SearchAction\",\"target\":{\"@type\":\"EntryPoint\",\"urlTemplate\":\"https:\\\/\\\/visitvatnajokull.is\\\/?s={search_term_string}\"},\"query-input\":{\"@type\":\"PropertyValueSpecification\",\"valueRequired\":true,\"valueName\":\"search_term_string\"}}],\"inLanguage\":\"is\"}]}<\/script>\n<!-- \/ Yoast SEO plugin. -->","yoast_head_json":{"title":"Practical Information about the Vatnajokull region - South Iceland","description":"Need any information about the Vatnajokull region? Find some practical information about south Iceland and our area here bellow. If the answer is not there than check out our FAQ page and send us in a question that you need answered.","robots":{"index":"index","follow":"follow","max-snippet":"max-snippet:-1","max-image-preview":"max-image-preview:large","max-video-preview":"max-video-preview:-1"},"canonical":"https:\/\/visitvatnajokull.is\/is\/upplysingar\/","og_locale":"is_IS","og_type":"article","og_title":"Practical Information about the Vatnajokull region - South Iceland","og_description":"Need any information about the Vatnajokull region? Find some practical information about south Iceland and our area here bellow. If the answer is not there than check out our FAQ page and send us in a question that you need answered.","og_url":"https:\/\/visitvatnajokull.is\/is\/upplysingar\/","og_site_name":"Visit Vatnaj\u00f6kull","article_publisher":"https:\/\/www.facebook.com\/visitvatnajokull.is\/","article_modified_time":"2020-08-07T14:53:49+00:00","twitter_card":"summary_large_image","twitter_site":"@vatnajokull_reg","schema":{"@context":"https:\/\/schema.org","@graph":[{"@type":"WebPage","@id":"https:\/\/visitvatnajokull.is\/is\/upplysingar\/","url":"https:\/\/visitvatnajokull.is\/is\/upplysingar\/","name":"Practical Information about the Vatnajokull region - South Iceland","isPartOf":{"@id":"https:\/\/visitvatnajokull.is\/#website"},"primaryImageOfPage":{"@id":"https:\/\/visitvatnajokull.is\/is\/upplysingar\/#primaryimage"},"image":{"@id":"https:\/\/visitvatnajokull.is\/is\/upplysingar\/#primaryimage"},"thumbnailUrl":"https:\/\/visitvatnajokull.is\/wp-content\/uploads\/2018\/01\/21.7.b.\u00d6r\u00e6fafer\u00f0ir_True-Blue.bmp","datePublished":"2017-12-13T19:12:05+00:00","dateModified":"2020-08-07T14:53:49+00:00","description":"Need any information about the Vatnajokull region? Find some practical information about south Iceland and our area here bellow. If the answer is not there than check out our FAQ page and send us in a question that you need answered.","breadcrumb":{"@id":"https:\/\/visitvatnajokull.is\/is\/upplysingar\/#breadcrumb"},"inLanguage":"is","potentialAction":[{"@type":"ReadAction","target":["https:\/\/visitvatnajokull.is\/is\/upplysingar\/"]}]},{"@type":"ImageObject","inLanguage":"is","@id":"https:\/\/visitvatnajokull.is\/is\/upplysingar\/#primaryimage","url":"https:\/\/visitvatnajokull.is\/wp-content\/uploads\/2018\/01\/21.7.b.\u00d6r\u00e6fafer\u00f0ir_True-Blue.bmp","contentUrl":"https:\/\/visitvatnajokull.is\/wp-content\/uploads\/2018\/01\/21.7.b.\u00d6r\u00e6fafer\u00f0ir_True-Blue.bmp","width":1797,"height":1178},{"@type":"BreadcrumbList","@id":"https:\/\/visitvatnajokull.is\/is\/upplysingar\/#breadcrumb","itemListElement":[{"@type":"ListItem","position":1,"name":"Home","item":"https:\/\/visitvatnajokull.is\/is\/"},{"@type":"ListItem","position":2,"name":"Uppl\u00fdsingar"}]},{"@type":"WebSite","@id":"https:\/\/visitvatnajokull.is\/#website","url":"https:\/\/visitvatnajokull.is\/","name":"Visit Vatnaj\u00f6kull","description":"Visit Vatnaj\u00f6kull and explore all that the region has to offer","potentialAction":[{"@type":"SearchAction","target":{"@type":"EntryPoint","urlTemplate":"https:\/\/visitvatnajokull.is\/?s={search_term_string}"},"query-input":{"@type":"PropertyValueSpecification","valueRequired":true,"valueName":"search_term_string"}}],"inLanguage":"is"}]}},"jetpack_sharing_enabled":true,"_links":{"self":[{"href":"https:\/\/visitvatnajokull.is\/is\/wp-json\/wp\/v2\/pages\/216745","targetHints":{"allow":["GET"]}}],"collection":[{"href":"https:\/\/visitvatnajokull.is\/is\/wp-json\/wp\/v2\/pages"}],"about":[{"href":"https:\/\/visitvatnajokull.is\/is\/wp-json\/wp\/v2\/types\/page"}],"author":[{"embeddable":true,"href":"https:\/\/visitvatnajokull.is\/is\/wp-json\/wp\/v2\/users\/1"}],"replies":[{"embeddable":true,"href":"https:\/\/visitvatnajokull.is\/is\/wp-json\/wp\/v2\/comments?post=216745"}],"version-history":[{"count":0,"href":"https:\/\/visitvatnajokull.is\/is\/wp-json\/wp\/v2\/pages\/216745\/revisions"}],"wp:featuredmedia":[{"embeddable":true,"href":"https:\/\/visitvatnajokull.is\/is\/wp-json\/wp\/v2\/media\/14027"}],"wp:attachment":[{"href":"https:\/\/visitvatnajokull.is\/is\/wp-json\/wp\/v2\/media?parent=216745"}],"curies":[{"name":"wp","href":"https:\/\/api.w.org\/{rel}","templated":true}]}}