{"id":218125,"date":"2020-07-02T12:47:42","date_gmt":"2020-07-02T12:47:42","guid":{"rendered":"https:\/\/visitvatnajokull.is\/ferdathaettir\/"},"modified":"2020-07-09T15:55:34","modified_gmt":"2020-07-09T15:55:34","slug":"ferdathaettir","status":"publish","type":"page","link":"https:\/\/visitvatnajokull.is\/is\/ferdathaettir\/","title":{"rendered":"Fer\u00f0alag um R\u00edki Vatnaj\u00f6kuls"},"content":{"rendered":"","protected":false},"excerpt":{"rendered":"","protected":false},"author":1,"featured_media":218017,"parent":0,"menu_order":25,"comment_status":"closed","ping_status":"closed","template":"page-elements.php","meta":{"_acf_changed":false,"footnotes":""},"class_list":["post-218125","page","type-page","status-publish","has-post-thumbnail","hentry"],"acf":[],"yoast_head":"<!-- This site is optimized with the Yoast SEO plugin v27.3 - https:\/\/yoast.com\/product\/yoast-seo-wordpress\/ -->\n<title>Fer\u00f0alag um R\u00edki Vatnaj\u00f6kuls - Visit Vatnaj\u00f6kull<\/title>\n<meta name=\"robots\" content=\"index, follow, max-snippet:-1, max-image-preview:large, max-video-preview:-1\" \/>\n<link rel=\"canonical\" href=\"https:\/\/visitvatnajokull.is\/is\/ferdathaettir\/\" \/>\n<meta property=\"og:locale\" content=\"is_IS\" \/>\n<meta property=\"og:type\" content=\"article\" \/>\n<meta property=\"og:title\" content=\"Fer\u00f0alag um R\u00edki Vatnaj\u00f6kuls - Visit Vatnaj\u00f6kull\" \/>\n<meta property=\"og:url\" content=\"https:\/\/visitvatnajokull.is\/is\/ferdathaettir\/\" \/>\n<meta property=\"og:site_name\" content=\"Visit Vatnaj\u00f6kull\" \/>\n<meta property=\"article:publisher\" content=\"https:\/\/www.facebook.com\/visitvatnajokull.is\/\" \/>\n<meta property=\"article:modified_time\" content=\"2020-07-09T15:55:34+00:00\" \/>\n<meta property=\"og:image\" content=\"https:\/\/visitvatnajokull.is\/wp-content\/uploads\/2018\/03\/large-Brei\u00f0amerkurj\u00f6kull-P\u00e1ll-J\u00f6kull-P\u00e9tursson-100.jpg\" \/>\n\t<meta property=\"og:image:width\" content=\"1600\" \/>\n\t<meta property=\"og:image:height\" content=\"560\" \/>\n\t<meta property=\"og:image:type\" content=\"image\/jpeg\" \/>\n<meta name=\"twitter:card\" content=\"summary_large_image\" \/>\n<meta name=\"twitter:site\" content=\"@vatnajokull_reg\" \/>\n<script type=\"application\/ld+json\" class=\"yoast-schema-graph\">{\"@context\":\"https:\\\/\\\/schema.org\",\"@graph\":[{\"@type\":\"WebPage\",\"@id\":\"https:\\\/\\\/visitvatnajokull.is\\\/is\\\/ferdathaettir\\\/\",\"url\":\"https:\\\/\\\/visitvatnajokull.is\\\/is\\\/ferdathaettir\\\/\",\"name\":\"Fer\u00f0alag um R\u00edki Vatnaj\u00f6kuls - Visit Vatnaj\u00f6kull\",\"isPartOf\":{\"@id\":\"https:\\\/\\\/visitvatnajokull.is\\\/#website\"},\"primaryImageOfPage\":{\"@id\":\"https:\\\/\\\/visitvatnajokull.is\\\/is\\\/ferdathaettir\\\/#primaryimage\"},\"image\":{\"@id\":\"https:\\\/\\\/visitvatnajokull.is\\\/is\\\/ferdathaettir\\\/#primaryimage\"},\"thumbnailUrl\":\"https:\\\/\\\/visitvatnajokull.is\\\/wp-content\\\/uploads\\\/2018\\\/03\\\/large-Brei\u00f0amerkurj\u00f6kull-P\u00e1ll-J\u00f6kull-P\u00e9tursson-100.jpg\",\"datePublished\":\"2020-07-02T12:47:42+00:00\",\"dateModified\":\"2020-07-09T15:55:34+00:00\",\"breadcrumb\":{\"@id\":\"https:\\\/\\\/visitvatnajokull.is\\\/is\\\/ferdathaettir\\\/#breadcrumb\"},\"inLanguage\":\"is\",\"potentialAction\":[{\"@type\":\"ReadAction\",\"target\":[\"https:\\\/\\\/visitvatnajokull.is\\\/is\\\/ferdathaettir\\\/\"]}]},{\"@type\":\"ImageObject\",\"inLanguage\":\"is\",\"@id\":\"https:\\\/\\\/visitvatnajokull.is\\\/is\\\/ferdathaettir\\\/#primaryimage\",\"url\":\"https:\\\/\\\/visitvatnajokull.is\\\/wp-content\\\/uploads\\\/2018\\\/03\\\/large-Brei\u00f0amerkurj\u00f6kull-P\u00e1ll-J\u00f6kull-P\u00e9tursson-100.jpg\",\"contentUrl\":\"https:\\\/\\\/visitvatnajokull.is\\\/wp-content\\\/uploads\\\/2018\\\/03\\\/large-Brei\u00f0amerkurj\u00f6kull-P\u00e1ll-J\u00f6kull-P\u00e9tursson-100.jpg\",\"width\":1600,\"height\":560},{\"@type\":\"BreadcrumbList\",\"@id\":\"https:\\\/\\\/visitvatnajokull.is\\\/is\\\/ferdathaettir\\\/#breadcrumb\",\"itemListElement\":[{\"@type\":\"ListItem\",\"position\":1,\"name\":\"Home\",\"item\":\"https:\\\/\\\/visitvatnajokull.is\\\/is\\\/\"},{\"@type\":\"ListItem\",\"position\":2,\"name\":\"Fer\u00f0alag um R\u00edki Vatnaj\u00f6kuls\"}]},{\"@type\":\"WebSite\",\"@id\":\"https:\\\/\\\/visitvatnajokull.is\\\/#website\",\"url\":\"https:\\\/\\\/visitvatnajokull.is\\\/\",\"name\":\"Visit Vatnaj\u00f6kull\",\"description\":\"Visit Vatnaj\u00f6kull and explore all that the region has to offer\",\"potentialAction\":[{\"@type\":\"SearchAction\",\"target\":{\"@type\":\"EntryPoint\",\"urlTemplate\":\"https:\\\/\\\/visitvatnajokull.is\\\/?s={search_term_string}\"},\"query-input\":{\"@type\":\"PropertyValueSpecification\",\"valueRequired\":true,\"valueName\":\"search_term_string\"}}],\"inLanguage\":\"is\"}]}<\/script>\n<!-- \/ Yoast SEO plugin. -->","yoast_head_json":{"title":"Fer\u00f0alag um R\u00edki Vatnaj\u00f6kuls - Visit Vatnaj\u00f6kull","robots":{"index":"index","follow":"follow","max-snippet":"max-snippet:-1","max-image-preview":"max-image-preview:large","max-video-preview":"max-video-preview:-1"},"canonical":"https:\/\/visitvatnajokull.is\/is\/ferdathaettir\/","og_locale":"is_IS","og_type":"article","og_title":"Fer\u00f0alag um R\u00edki Vatnaj\u00f6kuls - Visit Vatnaj\u00f6kull","og_url":"https:\/\/visitvatnajokull.is\/is\/ferdathaettir\/","og_site_name":"Visit Vatnaj\u00f6kull","article_publisher":"https:\/\/www.facebook.com\/visitvatnajokull.is\/","article_modified_time":"2020-07-09T15:55:34+00:00","og_image":[{"width":1600,"height":560,"url":"https:\/\/visitvatnajokull.is\/wp-content\/uploads\/2018\/03\/large-Brei\u00f0amerkurj\u00f6kull-P\u00e1ll-J\u00f6kull-P\u00e9tursson-100.jpg","type":"image\/jpeg"}],"twitter_card":"summary_large_image","twitter_site":"@vatnajokull_reg","schema":{"@context":"https:\/\/schema.org","@graph":[{"@type":"WebPage","@id":"https:\/\/visitvatnajokull.is\/is\/ferdathaettir\/","url":"https:\/\/visitvatnajokull.is\/is\/ferdathaettir\/","name":"Fer\u00f0alag um R\u00edki Vatnaj\u00f6kuls - Visit Vatnaj\u00f6kull","isPartOf":{"@id":"https:\/\/visitvatnajokull.is\/#website"},"primaryImageOfPage":{"@id":"https:\/\/visitvatnajokull.is\/is\/ferdathaettir\/#primaryimage"},"image":{"@id":"https:\/\/visitvatnajokull.is\/is\/ferdathaettir\/#primaryimage"},"thumbnailUrl":"https:\/\/visitvatnajokull.is\/wp-content\/uploads\/2018\/03\/large-Brei\u00f0amerkurj\u00f6kull-P\u00e1ll-J\u00f6kull-P\u00e9tursson-100.jpg","datePublished":"2020-07-02T12:47:42+00:00","dateModified":"2020-07-09T15:55:34+00:00","breadcrumb":{"@id":"https:\/\/visitvatnajokull.is\/is\/ferdathaettir\/#breadcrumb"},"inLanguage":"is","potentialAction":[{"@type":"ReadAction","target":["https:\/\/visitvatnajokull.is\/is\/ferdathaettir\/"]}]},{"@type":"ImageObject","inLanguage":"is","@id":"https:\/\/visitvatnajokull.is\/is\/ferdathaettir\/#primaryimage","url":"https:\/\/visitvatnajokull.is\/wp-content\/uploads\/2018\/03\/large-Brei\u00f0amerkurj\u00f6kull-P\u00e1ll-J\u00f6kull-P\u00e9tursson-100.jpg","contentUrl":"https:\/\/visitvatnajokull.is\/wp-content\/uploads\/2018\/03\/large-Brei\u00f0amerkurj\u00f6kull-P\u00e1ll-J\u00f6kull-P\u00e9tursson-100.jpg","width":1600,"height":560},{"@type":"BreadcrumbList","@id":"https:\/\/visitvatnajokull.is\/is\/ferdathaettir\/#breadcrumb","itemListElement":[{"@type":"ListItem","position":1,"name":"Home","item":"https:\/\/visitvatnajokull.is\/is\/"},{"@type":"ListItem","position":2,"name":"Fer\u00f0alag um R\u00edki Vatnaj\u00f6kuls"}]},{"@type":"WebSite","@id":"https:\/\/visitvatnajokull.is\/#website","url":"https:\/\/visitvatnajokull.is\/","name":"Visit Vatnaj\u00f6kull","description":"Visit Vatnaj\u00f6kull and explore all that the region has to offer","potentialAction":[{"@type":"SearchAction","target":{"@type":"EntryPoint","urlTemplate":"https:\/\/visitvatnajokull.is\/?s={search_term_string}"},"query-input":{"@type":"PropertyValueSpecification","valueRequired":true,"valueName":"search_term_string"}}],"inLanguage":"is"}]}},"jetpack_sharing_enabled":true,"_links":{"self":[{"href":"https:\/\/visitvatnajokull.is\/is\/wp-json\/wp\/v2\/pages\/218125","targetHints":{"allow":["GET"]}}],"collection":[{"href":"https:\/\/visitvatnajokull.is\/is\/wp-json\/wp\/v2\/pages"}],"about":[{"href":"https:\/\/visitvatnajokull.is\/is\/wp-json\/wp\/v2\/types\/page"}],"author":[{"embeddable":true,"href":"https:\/\/visitvatnajokull.is\/is\/wp-json\/wp\/v2\/users\/1"}],"replies":[{"embeddable":true,"href":"https:\/\/visitvatnajokull.is\/is\/wp-json\/wp\/v2\/comments?post=218125"}],"version-history":[{"count":0,"href":"https:\/\/visitvatnajokull.is\/is\/wp-json\/wp\/v2\/pages\/218125\/revisions"}],"wp:featuredmedia":[{"embeddable":true,"href":"https:\/\/visitvatnajokull.is\/is\/wp-json\/wp\/v2\/media\/218017"}],"wp:attachment":[{"href":"https:\/\/visitvatnajokull.is\/is\/wp-json\/wp\/v2\/media?parent=218125"}],"curies":[{"name":"wp","href":"https:\/\/api.w.org\/{rel}","templated":true}]}}