{"id":219677,"date":"2021-05-27T23:07:22","date_gmt":"2021-05-27T23:07:22","guid":{"rendered":"https:\/\/visitvatnajokull.is\/?page_id=219677"},"modified":"2021-05-31T16:31:39","modified_gmt":"2021-05-31T16:31:39","slug":"brunnholl","status":"publish","type":"page","link":"https:\/\/visitvatnajokull.is\/is\/omnom-i-riki-vatnajokuls\/brunnholl\/","title":{"rendered":"Brunnh\u00f3ll"},"content":{"rendered":"","protected":false},"excerpt":{"rendered":"","protected":false},"author":11,"featured_media":0,"parent":219734,"menu_order":10,"comment_status":"closed","ping_status":"closed","template":"page-elements.php","meta":{"_acf_changed":false,"footnotes":""},"class_list":["post-219677","page","type-page","status-publish","hentry"],"acf":[],"yoast_head":"<!-- This site is optimized with the Yoast SEO plugin v27.4 - https:\/\/yoast.com\/product\/yoast-seo-wordpress\/ -->\n<title>Brunnh\u00f3ll - Visit Vatnaj\u00f6kull<\/title>\n<meta name=\"robots\" content=\"index, follow, max-snippet:-1, max-image-preview:large, max-video-preview:-1\" \/>\n<link rel=\"canonical\" href=\"https:\/\/visitvatnajokull.is\/is\/omnom-i-riki-vatnajokuls\/brunnholl\/\" \/>\n<meta property=\"og:locale\" content=\"is_IS\" \/>\n<meta property=\"og:type\" content=\"article\" \/>\n<meta property=\"og:title\" content=\"Brunnh\u00f3ll - Visit Vatnaj\u00f6kull\" \/>\n<meta property=\"og:url\" content=\"https:\/\/visitvatnajokull.is\/is\/omnom-i-riki-vatnajokuls\/brunnholl\/\" \/>\n<meta property=\"og:site_name\" content=\"Visit Vatnaj\u00f6kull\" \/>\n<meta property=\"article:publisher\" content=\"https:\/\/www.facebook.com\/visitvatnajokull.is\/\" \/>\n<meta property=\"article:modified_time\" content=\"2021-05-31T16:31:39+00:00\" \/>\n<meta name=\"twitter:card\" content=\"summary_large_image\" \/>\n<meta name=\"twitter:site\" content=\"@vatnajokull_reg\" \/>\n<script type=\"application\/ld+json\" class=\"yoast-schema-graph\">{\"@context\":\"https:\\\/\\\/schema.org\",\"@graph\":[{\"@type\":\"WebPage\",\"@id\":\"https:\\\/\\\/visitvatnajokull.is\\\/is\\\/omnom-i-riki-vatnajokuls\\\/brunnholl\\\/\",\"url\":\"https:\\\/\\\/visitvatnajokull.is\\\/is\\\/omnom-i-riki-vatnajokuls\\\/brunnholl\\\/\",\"name\":\"Brunnh\u00f3ll - Visit Vatnaj\u00f6kull\",\"isPartOf\":{\"@id\":\"https:\\\/\\\/visitvatnajokull.is\\\/#website\"},\"datePublished\":\"2021-05-27T23:07:22+00:00\",\"dateModified\":\"2021-05-31T16:31:39+00:00\",\"breadcrumb\":{\"@id\":\"https:\\\/\\\/visitvatnajokull.is\\\/is\\\/omnom-i-riki-vatnajokuls\\\/brunnholl\\\/#breadcrumb\"},\"inLanguage\":\"is\",\"potentialAction\":[{\"@type\":\"ReadAction\",\"target\":[\"https:\\\/\\\/visitvatnajokull.is\\\/is\\\/omnom-i-riki-vatnajokuls\\\/brunnholl\\\/\"]}]},{\"@type\":\"BreadcrumbList\",\"@id\":\"https:\\\/\\\/visitvatnajokull.is\\\/is\\\/omnom-i-riki-vatnajokuls\\\/brunnholl\\\/#breadcrumb\",\"itemListElement\":[{\"@type\":\"ListItem\",\"position\":1,\"name\":\"Home\",\"item\":\"https:\\\/\\\/visitvatnajokull.is\\\/is\\\/\"},{\"@type\":\"ListItem\",\"position\":2,\"name\":\"Omnom \u00ed R\u00edki Vatnaj\u00f6kuls\",\"item\":\"https:\\\/\\\/visitvatnajokull.is\\\/is\\\/omnom-i-riki-vatnajokuls\\\/\"},{\"@type\":\"ListItem\",\"position\":3,\"name\":\"Brunnh\u00f3ll\"}]},{\"@type\":\"WebSite\",\"@id\":\"https:\\\/\\\/visitvatnajokull.is\\\/#website\",\"url\":\"https:\\\/\\\/visitvatnajokull.is\\\/\",\"name\":\"Visit Vatnaj\u00f6kull\",\"description\":\"Visit Vatnaj\u00f6kull and explore all that the region has to offer\",\"potentialAction\":[{\"@type\":\"SearchAction\",\"target\":{\"@type\":\"EntryPoint\",\"urlTemplate\":\"https:\\\/\\\/visitvatnajokull.is\\\/?s={search_term_string}\"},\"query-input\":{\"@type\":\"PropertyValueSpecification\",\"valueRequired\":true,\"valueName\":\"search_term_string\"}}],\"inLanguage\":\"is\"}]}<\/script>\n<!-- \/ Yoast SEO plugin. -->","yoast_head_json":{"title":"Brunnh\u00f3ll - Visit Vatnaj\u00f6kull","robots":{"index":"index","follow":"follow","max-snippet":"max-snippet:-1","max-image-preview":"max-image-preview:large","max-video-preview":"max-video-preview:-1"},"canonical":"https:\/\/visitvatnajokull.is\/is\/omnom-i-riki-vatnajokuls\/brunnholl\/","og_locale":"is_IS","og_type":"article","og_title":"Brunnh\u00f3ll - Visit Vatnaj\u00f6kull","og_url":"https:\/\/visitvatnajokull.is\/is\/omnom-i-riki-vatnajokuls\/brunnholl\/","og_site_name":"Visit Vatnaj\u00f6kull","article_publisher":"https:\/\/www.facebook.com\/visitvatnajokull.is\/","article_modified_time":"2021-05-31T16:31:39+00:00","twitter_card":"summary_large_image","twitter_site":"@vatnajokull_reg","schema":{"@context":"https:\/\/schema.org","@graph":[{"@type":"WebPage","@id":"https:\/\/visitvatnajokull.is\/is\/omnom-i-riki-vatnajokuls\/brunnholl\/","url":"https:\/\/visitvatnajokull.is\/is\/omnom-i-riki-vatnajokuls\/brunnholl\/","name":"Brunnh\u00f3ll - Visit Vatnaj\u00f6kull","isPartOf":{"@id":"https:\/\/visitvatnajokull.is\/#website"},"datePublished":"2021-05-27T23:07:22+00:00","dateModified":"2021-05-31T16:31:39+00:00","breadcrumb":{"@id":"https:\/\/visitvatnajokull.is\/is\/omnom-i-riki-vatnajokuls\/brunnholl\/#breadcrumb"},"inLanguage":"is","potentialAction":[{"@type":"ReadAction","target":["https:\/\/visitvatnajokull.is\/is\/omnom-i-riki-vatnajokuls\/brunnholl\/"]}]},{"@type":"BreadcrumbList","@id":"https:\/\/visitvatnajokull.is\/is\/omnom-i-riki-vatnajokuls\/brunnholl\/#breadcrumb","itemListElement":[{"@type":"ListItem","position":1,"name":"Home","item":"https:\/\/visitvatnajokull.is\/is\/"},{"@type":"ListItem","position":2,"name":"Omnom \u00ed R\u00edki Vatnaj\u00f6kuls","item":"https:\/\/visitvatnajokull.is\/is\/omnom-i-riki-vatnajokuls\/"},{"@type":"ListItem","position":3,"name":"Brunnh\u00f3ll"}]},{"@type":"WebSite","@id":"https:\/\/visitvatnajokull.is\/#website","url":"https:\/\/visitvatnajokull.is\/","name":"Visit Vatnaj\u00f6kull","description":"Visit Vatnaj\u00f6kull and explore all that the region has to offer","potentialAction":[{"@type":"SearchAction","target":{"@type":"EntryPoint","urlTemplate":"https:\/\/visitvatnajokull.is\/?s={search_term_string}"},"query-input":{"@type":"PropertyValueSpecification","valueRequired":true,"valueName":"search_term_string"}}],"inLanguage":"is"}]}},"jetpack_sharing_enabled":true,"_links":{"self":[{"href":"https:\/\/visitvatnajokull.is\/is\/wp-json\/wp\/v2\/pages\/219677","targetHints":{"allow":["GET"]}}],"collection":[{"href":"https:\/\/visitvatnajokull.is\/is\/wp-json\/wp\/v2\/pages"}],"about":[{"href":"https:\/\/visitvatnajokull.is\/is\/wp-json\/wp\/v2\/types\/page"}],"author":[{"embeddable":true,"href":"https:\/\/visitvatnajokull.is\/is\/wp-json\/wp\/v2\/users\/11"}],"replies":[{"embeddable":true,"href":"https:\/\/visitvatnajokull.is\/is\/wp-json\/wp\/v2\/comments?post=219677"}],"version-history":[{"count":0,"href":"https:\/\/visitvatnajokull.is\/is\/wp-json\/wp\/v2\/pages\/219677\/revisions"}],"up":[{"embeddable":true,"href":"https:\/\/visitvatnajokull.is\/is\/wp-json\/wp\/v2\/pages\/219734"}],"wp:attachment":[{"href":"https:\/\/visitvatnajokull.is\/is\/wp-json\/wp\/v2\/media?parent=219677"}],"curies":[{"name":"wp","href":"https:\/\/api.w.org\/{rel}","templated":true}]}}